{"id":31,"date":"2023-08-22T00:33:16","date_gmt":"2023-08-21T22:33:16","guid":{"rendered":"https:\/\/administraciondefincasatico.com\/?page_id=31"},"modified":"2025-09-26T12:21:02","modified_gmt":"2025-09-26T10:21:02","slug":"contacto","status":"publish","type":"page","link":"https:\/\/administraciondefincasatico.com\/index.php\/contacto\/","title":{"rendered":"Contacto"},"content":{"rendered":"\n<div class=\"wp-block-cover alignfull is-light has-parallax\" style=\"min-height:300px;aspect-ratio:unset;\"><span aria-hidden=\"true\" class=\"wp-block-cover__background has-background-dim-30 has-background-dim\" style=\"background-color:#f5eaea\"><\/span><div aria-label=\"contacta con nosotros\" class=\"wp-block-cover__image-background wp-image-121 has-parallax\" role=\"img\" style=\"background-position:50% 50%;background-image:url(https:\/\/administraciondefincasatico.com\/wp-content\/uploads\/2023\/09\/IMG_TEL_ROJO-scaled.jpeg);\"><\/div><div class=\"wp-block-cover__inner-container has-global-padding is-layout-constrained wp-block-cover-is-layout-constrained\">\n<h1 class=\"wp-block-heading has-text-align-center\">Contacto<\/h1>\n<\/div><\/div>\n\n\n\n<div class=\"wp-block-uagb-container uagb-block-0cde052d alignfull uagb-is-root-container\"><div class=\"uagb-container-inner-blocks-wrap\">\n<div class=\"wp-block-uagb-container uagb-block-28d5592d\">\n<div class=\"wp-block-uagb-container uagb-block-73a3fc80\">\n<div class=\"wp-block-uagb-info-box uagb-block-2aeb27d2 uagb-infobox__content-wrap  uagb-infobox-icon-above-title uagb-infobox-image-valign-top\"><div class=\"uagb-ifb-content\"><div class=\"uagb-ifb-icon-wrap\"><svg xmlns=\"https:\/\/www.w3.org\/2000\/svg\" viewBox=\"0 0 512 512\"><path d=\"M511.2 387l-23.25 100.8c-3.266 14.25-15.79 24.22-30.46 24.22C205.2 512 0 306.8 0 54.5c0-14.66 9.969-27.2 24.22-30.45l100.8-23.25C139.7-2.602 154.7 5.018 160.8 18.92l46.52 108.5c5.438 12.78 1.77 27.67-8.98 36.45L144.5 207.1c33.98 69.22 90.26 125.5 159.5 159.5l44.08-53.8c8.688-10.78 23.69-14.51 36.47-8.975l108.5 46.51C506.1 357.2 514.6 372.4 511.2 387z\"><\/path><\/svg><\/div><div class=\"uagb-ifb-title-wrap\"><h3 class=\"uagb-ifb-title\">Tel\u00e9fonos<\/h3><\/div><p class=\"uagb-ifb-desc\">968 86 02 99<br>664 31 58 90<\/p><\/div><\/div>\n<\/div>\n\n\n\n<div class=\"wp-block-uagb-container uagb-block-e2953c7d\">\n<div class=\"wp-block-uagb-info-box uagb-block-6bec326e uagb-infobox__content-wrap  uagb-infobox-icon-above-title uagb-infobox-image-valign-top\"><div class=\"uagb-ifb-content\"><div class=\"uagb-ifb-icon-wrap\"><svg xmlns=\"https:\/\/www.w3.org\/2000\/svg\" viewBox=\"0 0 512 512\"><path d=\"M256 512C114.6 512 0 397.4 0 256C0 114.6 114.6 0 256 0C397.4 0 512 114.6 512 256C512 397.4 397.4 512 256 512zM232 256C232 264 236 271.5 242.7 275.1L338.7 339.1C349.7 347.3 364.6 344.3 371.1 333.3C379.3 322.3 376.3 307.4 365.3 300L280 243.2V120C280 106.7 269.3 96 255.1 96C242.7 96 231.1 106.7 231.1 120L232 256z\"><\/path><\/svg><\/div><div class=\"uagb-ifb-title-wrap\"><h3 class=\"uagb-ifb-title\">Horario<\/h3><\/div><p class=\"uagb-ifb-desc\">9:00 a 14:00 y de 15:30 a 18:30 de Lunes a Viernes<br>Julio y Agosto<br>8:00 a 15:00 de Lunes a Viernes<\/p><\/div><\/div>\n<\/div>\n<\/div>\n\n\n\t\t\t<div \n\t\t\tclass=\"wp-block-uagb-google-map uagb-google-map__wrap uagb-block-f103c3b6     \"\n\t\t\tstyle=\"\" >\n\t\t\t\t<embed\n\t\t\t\t\tclass=\"uagb-google-map__iframe\"\n\t\t\t\t\ttitle=\"Mapa de Google de\"\n\t\t\t\t\tsrc=\"https:\/\/maps.google.com\/maps?q=aticoadf&#038;z=12&#038;hl=en&#038;t=m&#038;output=embed&#038;iwloc=near\"\n\t\t\t\t\twidth=\"640\"\n\t\t\t\t\theight=\"300\"\n\t\t\t\t\tloading=\"lazy\"\n\t\t\t\t><\/embed>\n\t\t\t<\/div>\n\t\t\t<\/div><\/div>\n\n\n\n<div class=\"wp-block-uagb-container uagb-block-f058c717 alignfull uagb-is-root-container\"><div class=\"uagb-container-inner-blocks-wrap\">\n<h2 class=\"wp-block-heading has-text-align-center\">Formulario de contacto<\/h2>\n\n\n\n<div class=\"wp-block-columns is-layout-flex wp-container-core-columns-is-layout-28f84493 wp-block-columns-is-layout-flex\">\n<div class=\"wp-block-column is-layout-flow wp-block-column-is-layout-flow\" style=\"flex-basis:100%\"><style id=\"wpforms-css-vars-313-block-13bed940-88af-425e-8399-c7ee97c72811\">\n\t\t\t\t#wpforms-313.wpforms-block-13bed940-88af-425e-8399-c7ee97c72811 {\n\t\t\t\t--wpforms-label-sublabel-color: #000000;\n--wpforms-field-border-color: #abb8c3;\n--wpforms-field-border-color-spare: #abb8c3;\n--wpforms-field-text-color: #000000;\n--wpforms-button-background-color: #cf2e2e;\n--wpforms-field-size-input-height: 43px;\n--wpforms-field-size-input-spacing: 15px;\n--wpforms-field-size-font-size: 16px;\n--wpforms-field-size-line-height: 19px;\n--wpforms-field-size-padding-h: 14px;\n--wpforms-field-size-checkbox-size: 16px;\n--wpforms-field-size-sublabel-spacing: 5px;\n--wpforms-field-size-icon-size: 1;\n--wpforms-label-size-font-size: 16px;\n--wpforms-label-size-line-height: 19px;\n--wpforms-label-size-sublabel-font-size: 14px;\n--wpforms-label-size-sublabel-line-height: 17px;\n--wpforms-button-size-font-size: 20px;\n--wpforms-button-size-height: 48px;\n--wpforms-button-size-padding-h: 20px;\n--wpforms-button-size-margin-top: 15px;\n\t\t\t}\n\t\t\t<\/style><div class=\"wpforms-container wpforms-container-full wpforms-block wpforms-block-13bed940-88af-425e-8399-c7ee97c72811 wpforms-render-modern\" id=\"wpforms-313\"><form id=\"wpforms-form-313\" class=\"wpforms-validate wpforms-form wpforms-ajax-form\" data-formid=\"313\" method=\"post\" enctype=\"multipart\/form-data\" action=\"\/index.php\/wp-json\/wp\/v2\/pages\/31\" data-token=\"74a70a4dc0c3fd5ea451a09e168bd24f\" data-token-time=\"1778326357\"><noscript class=\"wpforms-error-noscript\">Por favor, activa JavaScript en tu navegador para completar este formulario.<\/noscript><div id=\"wpforms-error-noscript\" style=\"display: none;\">Por favor, activa JavaScript en tu navegador para completar este formulario.<\/div><div class=\"wpforms-field-container\"><div id=\"wpforms-313-field_1-container\" class=\"wpforms-field wpforms-field-name\" data-field-id=\"1\"><label class=\"wpforms-field-label\" for=\"wpforms-313-field_1\">Nombre <span class=\"wpforms-required-label\" aria-hidden=\"true\">*<\/span><\/label><input type=\"text\" id=\"wpforms-313-field_1\" class=\"wpforms-field-medium wpforms-field-required\" name=\"wpforms[fields][1]\" placeholder=\"Juan G\u00f3mez Garc\u00eda\" aria-errormessage=\"wpforms-313-field_1-error\" required><\/div><div id=\"wpforms-313-field_11-container\" class=\"wpforms-field wpforms-field-number\" data-field-id=\"11\"><label class=\"wpforms-field-label\" for=\"wpforms-313-field_11\">Tel\u00e9fono <span class=\"wpforms-required-label\" aria-hidden=\"true\">*<\/span><\/label><input type=\"number\" id=\"wpforms-313-field_11\" class=\"wpforms-field-small wpforms-field-required\" name=\"wpforms[fields][11]\" placeholder=\"608 94 50 64\" step=\"any\" aria-errormessage=\"wpforms-313-field_11-error\" required><\/div><div id=\"wpforms-313-field_2-container\" class=\"wpforms-field wpforms-field-email\" data-field-id=\"2\"><label class=\"wpforms-field-label\" for=\"wpforms-313-field_2\">Correo electr\u00f3nico <span class=\"wpforms-required-label\" aria-hidden=\"true\">*<\/span><\/label><input type=\"email\" id=\"wpforms-313-field_2\" class=\"wpforms-field-medium wpforms-field-required\" name=\"wpforms[fields][2]\" placeholder=\"email@email.com\" spellcheck=\"false\" aria-errormessage=\"wpforms-313-field_2-error\" required><\/div><div id=\"wpforms-313-field_3-container\" class=\"wpforms-field wpforms-field-textarea\" data-field-id=\"3\"><label class=\"wpforms-field-label\" for=\"wpforms-313-field_3\">Consulta: <span class=\"wpforms-required-label\" aria-hidden=\"true\">*<\/span><\/label><textarea id=\"wpforms-313-field_3\" class=\"wpforms-field-medium wpforms-field-required\" name=\"wpforms[fields][3]\" placeholder=\"Escribe aqu\u00ed lo que quieras consultar...\" aria-errormessage=\"wpforms-313-field_3-error\" required><\/textarea><\/div><div id=\"wpforms-313-field_6-container\" class=\"wpforms-field wpforms-field-checkbox\" data-field-id=\"6\"><fieldset><legend class=\"wpforms-field-label\">Consentimiento <span class=\"wpforms-required-label\" aria-hidden=\"true\">*<\/span><\/legend><ul id=\"wpforms-313-field_6\" class=\"wpforms-field-required\"><li class=\"choice-1 depth-1\"><input type=\"checkbox\" id=\"wpforms-313-field_6_1\" name=\"wpforms[fields][6][]\" value=\"Acepto la &lt;a href=&quot;https:\/\/administraciondefincasatico.com\/index.php\/politica-de-privacidad\/&quot; target=&quot;_blank&quot;&gt;Pol\u00edtica de Privacidad&lt;\/a&gt;\" aria-errormessage=\"wpforms-313-field_6_1-error\" aria-describedby=\"wpforms-313-field_6-description\" required ><label class=\"wpforms-field-label-inline\" for=\"wpforms-313-field_6_1\">Acepto la <a href=\"https:\/\/administraciondefincasatico.com\/index.php\/politica-de-privacidad\/\" target=\"_blank\">Pol\u00edtica de Privacidad<\/a><\/label><\/li><\/ul><div id=\"wpforms-313-field_6-description\" class=\"wpforms-field-description\">Le informamos que al enviar este formulario, sus datos ser\u00e1n tratados por el responsable con la finalidad de comunicarnos para resolver las cuestiones que nos trasladas y poder gestionar tu solicitud a trav\u00e9s de este formulario, as\u00ed como enviarte informaci\u00f3n sobre ofertas y promociones, eventos, conferencias u otras relacionadas con nuestra empresa.\r\nMediante su consentimiento nos permite que sus datos se almacenen en nuestro proveedor de hosting y correo.\r\nTiene derecho de acceso, modificaci\u00f3n, cancelaci\u00f3n, limitaci\u00f3n y eliminaci\u00f3n de tus datos.\r\nPara m\u00e1s informaci\u00f3n puedes consultar la informaci\u00f3n detallada en nuestra Pol\u00edtica de Privacidad.<\/div><\/fieldset><\/div><\/div><!-- .wpforms-field-container --><div class=\"wpforms-recaptcha-container wpforms-is-recaptcha wpforms-is-recaptcha-type-v3\" ><input type=\"hidden\" name=\"wpforms[recaptcha]\" value=\"\"><\/div><div class=\"wpforms-submit-container\" ><input type=\"hidden\" name=\"wpforms[id]\" value=\"313\"><input type=\"hidden\" name=\"page_title\" value=\"\"><input type=\"hidden\" name=\"page_url\" value=\"https:\/\/administraciondefincasatico.com\/index.php\/wp-json\/wp\/v2\/pages\/31\"><input type=\"hidden\" name=\"url_referer\" value=\"\"><button type=\"submit\" name=\"wpforms[submit]\" id=\"wpforms-submit-313\" class=\"wpforms-submit\" data-alt-text=\"Enviando...\" data-submit-text=\"Enviar\" aria-live=\"assertive\" value=\"wpforms-submit\">Enviar<\/button><img decoding=\"async\" src=\"https:\/\/administraciondefincasatico.com\/wp-content\/plugins\/wpforms-lite\/assets\/images\/submit-spin.svg\" class=\"wpforms-submit-spinner\" style=\"display: none;\" width=\"26\" height=\"26\" alt=\"Cargando\"><\/div><\/form><\/div>  <!-- .wpforms-container --><\/div>\n<\/div>\n<\/div><\/div>\n\n\n\n<p><\/p>\n","protected":false},"excerpt":{"rendered":"<p>Formulario de contacto<\/p>\n","protected":false},"author":1,"featured_media":121,"parent":0,"menu_order":0,"comment_status":"closed","ping_status":"closed","template":"blank","meta":{"_uag_custom_page_level_css":"","footnotes":""},"class_list":["post-31","page","type-page","status-publish","has-post-thumbnail","hentry"],"yoast_head":"<!-- This site is optimized with the Yoast SEO plugin v27.3 - https:\/\/yoast.com\/product\/yoast-seo-wordpress\/ -->\n<title>Contacto [968 86 02 99]<\/title>\n<meta name=\"description\" content=\"Ponte en contacto con nosotros. En breve implementaremos los modos de contacto para mejorar nuestra atenci\u00f3n.\" \/>\n<meta name=\"robots\" content=\"index, follow, max-snippet:-1, max-image-preview:large, max-video-preview:-1\" \/>\n<link rel=\"canonical\" href=\"https:\/\/administraciondefincasatico.com\/index.php\/contacto\/\" \/>\n<meta property=\"og:locale\" content=\"es_ES\" \/>\n<meta property=\"og:type\" content=\"article\" \/>\n<meta property=\"og:title\" content=\"Contacto [968 86 02 99]\" \/>\n<meta property=\"og:description\" content=\"Ponte en contacto con nosotros. En breve implementaremos los modos de contacto para mejorar nuestra atenci\u00f3n.\" \/>\n<meta property=\"og:url\" content=\"https:\/\/administraciondefincasatico.com\/index.php\/contacto\/\" \/>\n<meta property=\"og:site_name\" content=\"\u00c1tico administraci\u00f3n de fincas\" \/>\n<meta property=\"article:publisher\" content=\"https:\/\/www.facebook.com\/aticoadf\" \/>\n<meta property=\"article:modified_time\" content=\"2025-09-26T10:21:02+00:00\" \/>\n<meta property=\"og:image\" content=\"https:\/\/administraciondefincasatico.com\/wp-content\/uploads\/2023\/09\/IMG_TEL_ROJO-scaled.jpeg\" \/>\n\t<meta property=\"og:image:width\" content=\"2560\" \/>\n\t<meta property=\"og:image:height\" content=\"1707\" \/>\n\t<meta property=\"og:image:type\" content=\"image\/jpeg\" \/>\n<meta name=\"twitter:card\" content=\"summary_large_image\" \/>\n<meta name=\"twitter:site\" content=\"@aticoadf1\" \/>\n<meta name=\"twitter:label1\" content=\"Tiempo de lectura\" \/>\n\t<meta name=\"twitter:data1\" content=\"1 minuto\" \/>\n<script type=\"application\/ld+json\" class=\"yoast-schema-graph\">{\"@context\":\"https:\\\/\\\/schema.org\",\"@graph\":[{\"@type\":\"WebPage\",\"@id\":\"https:\\\/\\\/administraciondefincasatico.com\\\/index.php\\\/contacto\\\/\",\"url\":\"https:\\\/\\\/administraciondefincasatico.com\\\/index.php\\\/contacto\\\/\",\"name\":\"Contacto [968 86 02 99]\",\"isPartOf\":{\"@id\":\"https:\\\/\\\/administraciondefincasatico.com\\\/#website\"},\"primaryImageOfPage\":{\"@id\":\"https:\\\/\\\/administraciondefincasatico.com\\\/index.php\\\/contacto\\\/#primaryimage\"},\"image\":{\"@id\":\"https:\\\/\\\/administraciondefincasatico.com\\\/index.php\\\/contacto\\\/#primaryimage\"},\"thumbnailUrl\":\"https:\\\/\\\/administraciondefincasatico.com\\\/wp-content\\\/uploads\\\/2023\\\/09\\\/IMG_TEL_ROJO-scaled.jpeg\",\"datePublished\":\"2023-08-21T22:33:16+00:00\",\"dateModified\":\"2025-09-26T10:21:02+00:00\",\"description\":\"Ponte en contacto con nosotros. En breve implementaremos los modos de contacto para mejorar nuestra atenci\u00f3n.\",\"breadcrumb\":{\"@id\":\"https:\\\/\\\/administraciondefincasatico.com\\\/index.php\\\/contacto\\\/#breadcrumb\"},\"inLanguage\":\"es\",\"potentialAction\":[{\"@type\":\"ReadAction\",\"target\":[\"https:\\\/\\\/administraciondefincasatico.com\\\/index.php\\\/contacto\\\/\"]}]},{\"@type\":\"ImageObject\",\"inLanguage\":\"es\",\"@id\":\"https:\\\/\\\/administraciondefincasatico.com\\\/index.php\\\/contacto\\\/#primaryimage\",\"url\":\"https:\\\/\\\/administraciondefincasatico.com\\\/wp-content\\\/uploads\\\/2023\\\/09\\\/IMG_TEL_ROJO-scaled.jpeg\",\"contentUrl\":\"https:\\\/\\\/administraciondefincasatico.com\\\/wp-content\\\/uploads\\\/2023\\\/09\\\/IMG_TEL_ROJO-scaled.jpeg\",\"width\":2560,\"height\":1707,\"caption\":\"contacta con nosotros\"},{\"@type\":\"BreadcrumbList\",\"@id\":\"https:\\\/\\\/administraciondefincasatico.com\\\/index.php\\\/contacto\\\/#breadcrumb\",\"itemListElement\":[{\"@type\":\"ListItem\",\"position\":1,\"name\":\"Portada\",\"item\":\"https:\\\/\\\/administraciondefincasatico.com\\\/\"},{\"@type\":\"ListItem\",\"position\":2,\"name\":\"Contacto\"}]},{\"@type\":\"WebSite\",\"@id\":\"https:\\\/\\\/administraciondefincasatico.com\\\/#website\",\"url\":\"https:\\\/\\\/administraciondefincasatico.com\\\/\",\"name\":\"administraciondefincasatico.com\",\"description\":\"aticoadf\",\"publisher\":{\"@id\":\"https:\\\/\\\/administraciondefincasatico.com\\\/#organization\"},\"alternateName\":\"aticoadf\",\"potentialAction\":[{\"@type\":\"SearchAction\",\"target\":{\"@type\":\"EntryPoint\",\"urlTemplate\":\"https:\\\/\\\/administraciondefincasatico.com\\\/?s={search_term_string}\"},\"query-input\":{\"@type\":\"PropertyValueSpecification\",\"valueRequired\":true,\"valueName\":\"search_term_string\"}}],\"inLanguage\":\"es\"},{\"@type\":\"Organization\",\"@id\":\"https:\\\/\\\/administraciondefincasatico.com\\\/#organization\",\"name\":\"\u00c1tico administraci\u00f3n de fincas\",\"alternateName\":\"aticoadf\",\"url\":\"https:\\\/\\\/administraciondefincasatico.com\\\/\",\"logo\":{\"@type\":\"ImageObject\",\"inLanguage\":\"es\",\"@id\":\"https:\\\/\\\/administraciondefincasatico.com\\\/#\\\/schema\\\/logo\\\/image\\\/\",\"url\":\"https:\\\/\\\/administraciondefincasatico.com\\\/wp-content\\\/uploads\\\/2024\\\/10\\\/LOGO-ATICO-SIN-FONDO.png\",\"contentUrl\":\"https:\\\/\\\/administraciondefincasatico.com\\\/wp-content\\\/uploads\\\/2024\\\/10\\\/LOGO-ATICO-SIN-FONDO.png\",\"width\":224,\"height\":115,\"caption\":\"\u00c1tico administraci\u00f3n de fincas\"},\"image\":{\"@id\":\"https:\\\/\\\/administraciondefincasatico.com\\\/#\\\/schema\\\/logo\\\/image\\\/\"},\"sameAs\":[\"https:\\\/\\\/www.facebook.com\\\/aticoadf\",\"https:\\\/\\\/x.com\\\/aticoadf1\",\"https:\\\/\\\/www.linkedin.com\\\/company\\\/43295320\"]}]}<\/script>\n<!-- \/ Yoast SEO plugin. -->","yoast_head_json":{"title":"Contacto [968 86 02 99]","description":"Ponte en contacto con nosotros. En breve implementaremos los modos de contacto para mejorar nuestra atenci\u00f3n.","robots":{"index":"index","follow":"follow","max-snippet":"max-snippet:-1","max-image-preview":"max-image-preview:large","max-video-preview":"max-video-preview:-1"},"canonical":"https:\/\/administraciondefincasatico.com\/index.php\/contacto\/","og_locale":"es_ES","og_type":"article","og_title":"Contacto [968 86 02 99]","og_description":"Ponte en contacto con nosotros. En breve implementaremos los modos de contacto para mejorar nuestra atenci\u00f3n.","og_url":"https:\/\/administraciondefincasatico.com\/index.php\/contacto\/","og_site_name":"\u00c1tico administraci\u00f3n de fincas","article_publisher":"https:\/\/www.facebook.com\/aticoadf","article_modified_time":"2025-09-26T10:21:02+00:00","og_image":[{"width":2560,"height":1707,"url":"https:\/\/administraciondefincasatico.com\/wp-content\/uploads\/2023\/09\/IMG_TEL_ROJO-scaled.jpeg","type":"image\/jpeg"}],"twitter_card":"summary_large_image","twitter_site":"@aticoadf1","twitter_misc":{"Tiempo de lectura":"1 minuto"},"schema":{"@context":"https:\/\/schema.org","@graph":[{"@type":"WebPage","@id":"https:\/\/administraciondefincasatico.com\/index.php\/contacto\/","url":"https:\/\/administraciondefincasatico.com\/index.php\/contacto\/","name":"Contacto [968 86 02 99]","isPartOf":{"@id":"https:\/\/administraciondefincasatico.com\/#website"},"primaryImageOfPage":{"@id":"https:\/\/administraciondefincasatico.com\/index.php\/contacto\/#primaryimage"},"image":{"@id":"https:\/\/administraciondefincasatico.com\/index.php\/contacto\/#primaryimage"},"thumbnailUrl":"https:\/\/administraciondefincasatico.com\/wp-content\/uploads\/2023\/09\/IMG_TEL_ROJO-scaled.jpeg","datePublished":"2023-08-21T22:33:16+00:00","dateModified":"2025-09-26T10:21:02+00:00","description":"Ponte en contacto con nosotros. En breve implementaremos los modos de contacto para mejorar nuestra atenci\u00f3n.","breadcrumb":{"@id":"https:\/\/administraciondefincasatico.com\/index.php\/contacto\/#breadcrumb"},"inLanguage":"es","potentialAction":[{"@type":"ReadAction","target":["https:\/\/administraciondefincasatico.com\/index.php\/contacto\/"]}]},{"@type":"ImageObject","inLanguage":"es","@id":"https:\/\/administraciondefincasatico.com\/index.php\/contacto\/#primaryimage","url":"https:\/\/administraciondefincasatico.com\/wp-content\/uploads\/2023\/09\/IMG_TEL_ROJO-scaled.jpeg","contentUrl":"https:\/\/administraciondefincasatico.com\/wp-content\/uploads\/2023\/09\/IMG_TEL_ROJO-scaled.jpeg","width":2560,"height":1707,"caption":"contacta con nosotros"},{"@type":"BreadcrumbList","@id":"https:\/\/administraciondefincasatico.com\/index.php\/contacto\/#breadcrumb","itemListElement":[{"@type":"ListItem","position":1,"name":"Portada","item":"https:\/\/administraciondefincasatico.com\/"},{"@type":"ListItem","position":2,"name":"Contacto"}]},{"@type":"WebSite","@id":"https:\/\/administraciondefincasatico.com\/#website","url":"https:\/\/administraciondefincasatico.com\/","name":"administraciondefincasatico.com","description":"aticoadf","publisher":{"@id":"https:\/\/administraciondefincasatico.com\/#organization"},"alternateName":"aticoadf","potentialAction":[{"@type":"SearchAction","target":{"@type":"EntryPoint","urlTemplate":"https:\/\/administraciondefincasatico.com\/?s={search_term_string}"},"query-input":{"@type":"PropertyValueSpecification","valueRequired":true,"valueName":"search_term_string"}}],"inLanguage":"es"},{"@type":"Organization","@id":"https:\/\/administraciondefincasatico.com\/#organization","name":"\u00c1tico administraci\u00f3n de fincas","alternateName":"aticoadf","url":"https:\/\/administraciondefincasatico.com\/","logo":{"@type":"ImageObject","inLanguage":"es","@id":"https:\/\/administraciondefincasatico.com\/#\/schema\/logo\/image\/","url":"https:\/\/administraciondefincasatico.com\/wp-content\/uploads\/2024\/10\/LOGO-ATICO-SIN-FONDO.png","contentUrl":"https:\/\/administraciondefincasatico.com\/wp-content\/uploads\/2024\/10\/LOGO-ATICO-SIN-FONDO.png","width":224,"height":115,"caption":"\u00c1tico administraci\u00f3n de fincas"},"image":{"@id":"https:\/\/administraciondefincasatico.com\/#\/schema\/logo\/image\/"},"sameAs":["https:\/\/www.facebook.com\/aticoadf","https:\/\/x.com\/aticoadf1","https:\/\/www.linkedin.com\/company\/43295320"]}]}},"uagb_featured_image_src":{"full":["https:\/\/administraciondefincasatico.com\/wp-content\/uploads\/2023\/09\/IMG_TEL_ROJO-scaled.jpeg",2560,1707,false],"thumbnail":["https:\/\/administraciondefincasatico.com\/wp-content\/uploads\/2023\/09\/IMG_TEL_ROJO-150x150.jpeg",150,150,true],"medium":["https:\/\/administraciondefincasatico.com\/wp-content\/uploads\/2023\/09\/IMG_TEL_ROJO-300x200.jpeg",300,200,true],"medium_large":["https:\/\/administraciondefincasatico.com\/wp-content\/uploads\/2023\/09\/IMG_TEL_ROJO-768x512.jpeg",768,512,true],"large":["https:\/\/administraciondefincasatico.com\/wp-content\/uploads\/2023\/09\/IMG_TEL_ROJO-1024x683.jpeg",1024,683,true],"1536x1536":["https:\/\/administraciondefincasatico.com\/wp-content\/uploads\/2023\/09\/IMG_TEL_ROJO-1536x1024.jpeg",1536,1024,true],"2048x2048":["https:\/\/administraciondefincasatico.com\/wp-content\/uploads\/2023\/09\/IMG_TEL_ROJO-2048x1365.jpeg",2048,1365,true]},"uagb_author_info":{"display_name":"aticoadf","author_link":"https:\/\/administraciondefincasatico.com\/index.php\/author\/aticoadf\/"},"uagb_comment_info":0,"uagb_excerpt":"Formulario de contacto","_links":{"self":[{"href":"https:\/\/administraciondefincasatico.com\/index.php\/wp-json\/wp\/v2\/pages\/31","targetHints":{"allow":["GET"]}}],"collection":[{"href":"https:\/\/administraciondefincasatico.com\/index.php\/wp-json\/wp\/v2\/pages"}],"about":[{"href":"https:\/\/administraciondefincasatico.com\/index.php\/wp-json\/wp\/v2\/types\/page"}],"author":[{"embeddable":true,"href":"https:\/\/administraciondefincasatico.com\/index.php\/wp-json\/wp\/v2\/users\/1"}],"replies":[{"embeddable":true,"href":"https:\/\/administraciondefincasatico.com\/index.php\/wp-json\/wp\/v2\/comments?post=31"}],"version-history":[{"count":34,"href":"https:\/\/administraciondefincasatico.com\/index.php\/wp-json\/wp\/v2\/pages\/31\/revisions"}],"predecessor-version":[{"id":2326,"href":"https:\/\/administraciondefincasatico.com\/index.php\/wp-json\/wp\/v2\/pages\/31\/revisions\/2326"}],"wp:featuredmedia":[{"embeddable":true,"href":"https:\/\/administraciondefincasatico.com\/index.php\/wp-json\/wp\/v2\/media\/121"}],"wp:attachment":[{"href":"https:\/\/administraciondefincasatico.com\/index.php\/wp-json\/wp\/v2\/media?parent=31"}],"curies":[{"name":"wp","href":"https:\/\/api.w.org\/{rel}","templated":true}]}}